{"id":2332,"date":"2021-12-27T13:03:42","date_gmt":"2021-12-27T13:03:42","guid":{"rendered":"https:\/\/kenozcaviar.com\/patagonia\/"},"modified":"2022-02-14T19:56:30","modified_gmt":"2022-02-14T19:56:30","slug":"patagonia","status":"publish","type":"page","link":"https:\/\/kenozcaviar.com\/pt-br\/patagonia\/","title":{"rendered":"Selknam, nossa inspira\u00e7\u00e3o"},"content":{"rendered":"<p>[vc_row height=&#8221;full&#8221; width=&#8221;full&#8221;][vc_column][trama_library start_button_label=&#8221;Comenzar&#8221; library_images=&#8221;1197,1201,1205,1208,1212,1215,1218,1222,1225,1228,1231,1234,1237,1241,1244,1247,1250,1253,1256,1259,1262,1265,1268,1271,1274,1277,1280,1283,1286,1289&#8243;]<\/p>\n<h1>Fuegian inspiration<\/h1>\n<p><span style=\"font-weight: 400;\">La observaci\u00f3n de los preciosos dibujos y trazos presentes en la piel del esturi\u00f3n nos recuerdan a las culturas fueguinas de la Patagonia, abundante en manifestaciones pict\u00f3ricas que relatan leyendas, costumbres y vida dom\u00e9stica.<\/span> <span style=\"font-weight: 400;\">Kenoz rinde tributo a quienes lo inspiraron, a trav\u00e9s de una selecci\u00f3n fotogr\u00e1fica de las culturas Selknam y Haush, retratadas por Mart\u00edn Gusinde, E. Lucas Bridges y Alberto Mar\u00eda de Agostini.<\/span>[\/trama_library][\/vc_column][\/vc_row]<\/p>\n","protected":false},"excerpt":{"rendered":"[vc_row height=\"full\" width=\"full\"][vc_column][trama_library start_button_label=\"Comenzar\" library_images=\"1197,1201,1205,1208,1212,1215,1218,1222,1225,1228,1231,1234,1237,1241,1244,1247,1250,1253,1256,1259,1262,1265,1268,1271,1274,1277,1280,1283,1286,1289\"] Fuegian inspiration La observaci\u00f3n de los preciosos dibujos y trazos presentes en la piel del esturi\u00f3n nos recuerdan a las culturas fueguinas de la Patagonia, abundante en manifestaciones pict\u00f3ricas que relatan leyendas, costumbres y vida dom\u00e9stica. Kenoz rinde tributo a quienes lo inspiraron, a trav\u00e9s de una selecci\u00f3n fotogr\u00e1fica de [...]","protected":false},"author":1,"featured_media":2133,"parent":0,"menu_order":0,"comment_status":"closed","ping_status":"closed","template":"page-patagonia.php","meta":{"footnotes":""},"class_list":["post-2332","page","type-page","status-publish","has-post-thumbnail","hentry"],"yoast_head":"<!-- This site is optimized with the Yoast SEO plugin v26.9 - https:\/\/yoast.com\/product\/yoast-seo-wordpress\/ -->\n<title>Selknam, nossa inspira\u00e7\u00e3o - Kenoz<\/title>\n<meta name=\"robots\" content=\"index, follow, max-snippet:-1, max-image-preview:large, max-video-preview:-1\" \/>\n<link rel=\"canonical\" href=\"https:\/\/kenozcaviar.com\/pt-br\/patagonia\/\" \/>\n<meta property=\"og:locale\" content=\"pt_BR\" \/>\n<meta property=\"og:type\" content=\"article\" \/>\n<meta property=\"og:title\" content=\"Selknam, nossa inspira\u00e7\u00e3o - Kenoz\" \/>\n<meta property=\"og:url\" content=\"https:\/\/kenozcaviar.com\/pt-br\/patagonia\/\" \/>\n<meta property=\"og:site_name\" content=\"Kenoz\" \/>\n<meta property=\"article:modified_time\" content=\"2022-02-14T19:56:30+00:00\" \/>\n<meta property=\"og:image\" content=\"https:\/\/kenozcaviar.com\/kenoz\/wp-content\/uploads\/2022\/01\/selknam-portada.jpg\" \/>\n\t<meta property=\"og:image:width\" content=\"1300\" \/>\n\t<meta property=\"og:image:height\" content=\"2009\" \/>\n\t<meta property=\"og:image:type\" content=\"image\/jpeg\" \/>\n<meta name=\"twitter:card\" content=\"summary_large_image\" \/>\n<script type=\"application\/ld+json\" class=\"yoast-schema-graph\">{\"@context\":\"https:\/\/schema.org\",\"@graph\":[{\"@type\":\"WebPage\",\"@id\":\"https:\/\/kenozcaviar.com\/pt-br\/patagonia\/\",\"url\":\"https:\/\/kenozcaviar.com\/pt-br\/patagonia\/\",\"name\":\"Selknam, nossa inspira\u00e7\u00e3o - Kenoz\",\"isPartOf\":{\"@id\":\"https:\/\/kenozcaviar.com\/pt-br\/#website\"},\"primaryImageOfPage\":{\"@id\":\"https:\/\/kenozcaviar.com\/pt-br\/patagonia\/#primaryimage\"},\"image\":{\"@id\":\"https:\/\/kenozcaviar.com\/pt-br\/patagonia\/#primaryimage\"},\"thumbnailUrl\":\"https:\/\/kenozcaviar.com\/kenoz\/wp-content\/uploads\/2022\/01\/selknam-portada.jpg\",\"datePublished\":\"2021-12-27T13:03:42+00:00\",\"dateModified\":\"2022-02-14T19:56:30+00:00\",\"breadcrumb\":{\"@id\":\"https:\/\/kenozcaviar.com\/pt-br\/patagonia\/#breadcrumb\"},\"inLanguage\":\"pt-BR\",\"potentialAction\":[{\"@type\":\"ReadAction\",\"target\":[\"https:\/\/kenozcaviar.com\/pt-br\/patagonia\/\"]}]},{\"@type\":\"ImageObject\",\"inLanguage\":\"pt-BR\",\"@id\":\"https:\/\/kenozcaviar.com\/pt-br\/patagonia\/#primaryimage\",\"url\":\"https:\/\/kenozcaviar.com\/kenoz\/wp-content\/uploads\/2022\/01\/selknam-portada.jpg\",\"contentUrl\":\"https:\/\/kenozcaviar.com\/kenoz\/wp-content\/uploads\/2022\/01\/selknam-portada.jpg\",\"width\":1300,\"height\":2009},{\"@type\":\"BreadcrumbList\",\"@id\":\"https:\/\/kenozcaviar.com\/pt-br\/patagonia\/#breadcrumb\",\"itemListElement\":[{\"@type\":\"ListItem\",\"position\":1,\"name\":\"Portada\",\"item\":\"https:\/\/kenozcaviar.com\/pt-br\/\"},{\"@type\":\"ListItem\",\"position\":2,\"name\":\"Selknam, nossa inspira\u00e7\u00e3o\"}]},{\"@type\":\"WebSite\",\"@id\":\"https:\/\/kenozcaviar.com\/pt-br\/#website\",\"url\":\"https:\/\/kenozcaviar.com\/pt-br\/\",\"name\":\"Kenoz\",\"description\":\"O caviar mais austral do mundo\",\"potentialAction\":[{\"@type\":\"SearchAction\",\"target\":{\"@type\":\"EntryPoint\",\"urlTemplate\":\"https:\/\/kenozcaviar.com\/pt-br\/?s={search_term_string}\"},\"query-input\":{\"@type\":\"PropertyValueSpecification\",\"valueRequired\":true,\"valueName\":\"search_term_string\"}}],\"inLanguage\":\"pt-BR\"}]}<\/script>\n<!-- \/ Yoast SEO plugin. -->","yoast_head_json":{"title":"Selknam, nossa inspira\u00e7\u00e3o - Kenoz","robots":{"index":"index","follow":"follow","max-snippet":"max-snippet:-1","max-image-preview":"max-image-preview:large","max-video-preview":"max-video-preview:-1"},"canonical":"https:\/\/kenozcaviar.com\/pt-br\/patagonia\/","og_locale":"pt_BR","og_type":"article","og_title":"Selknam, nossa inspira\u00e7\u00e3o - Kenoz","og_url":"https:\/\/kenozcaviar.com\/pt-br\/patagonia\/","og_site_name":"Kenoz","article_modified_time":"2022-02-14T19:56:30+00:00","og_image":[{"width":1300,"height":2009,"url":"https:\/\/kenozcaviar.com\/kenoz\/wp-content\/uploads\/2022\/01\/selknam-portada.jpg","type":"image\/jpeg"}],"twitter_card":"summary_large_image","schema":{"@context":"https:\/\/schema.org","@graph":[{"@type":"WebPage","@id":"https:\/\/kenozcaviar.com\/pt-br\/patagonia\/","url":"https:\/\/kenozcaviar.com\/pt-br\/patagonia\/","name":"Selknam, nossa inspira\u00e7\u00e3o - Kenoz","isPartOf":{"@id":"https:\/\/kenozcaviar.com\/pt-br\/#website"},"primaryImageOfPage":{"@id":"https:\/\/kenozcaviar.com\/pt-br\/patagonia\/#primaryimage"},"image":{"@id":"https:\/\/kenozcaviar.com\/pt-br\/patagonia\/#primaryimage"},"thumbnailUrl":"https:\/\/kenozcaviar.com\/kenoz\/wp-content\/uploads\/2022\/01\/selknam-portada.jpg","datePublished":"2021-12-27T13:03:42+00:00","dateModified":"2022-02-14T19:56:30+00:00","breadcrumb":{"@id":"https:\/\/kenozcaviar.com\/pt-br\/patagonia\/#breadcrumb"},"inLanguage":"pt-BR","potentialAction":[{"@type":"ReadAction","target":["https:\/\/kenozcaviar.com\/pt-br\/patagonia\/"]}]},{"@type":"ImageObject","inLanguage":"pt-BR","@id":"https:\/\/kenozcaviar.com\/pt-br\/patagonia\/#primaryimage","url":"https:\/\/kenozcaviar.com\/kenoz\/wp-content\/uploads\/2022\/01\/selknam-portada.jpg","contentUrl":"https:\/\/kenozcaviar.com\/kenoz\/wp-content\/uploads\/2022\/01\/selknam-portada.jpg","width":1300,"height":2009},{"@type":"BreadcrumbList","@id":"https:\/\/kenozcaviar.com\/pt-br\/patagonia\/#breadcrumb","itemListElement":[{"@type":"ListItem","position":1,"name":"Portada","item":"https:\/\/kenozcaviar.com\/pt-br\/"},{"@type":"ListItem","position":2,"name":"Selknam, nossa inspira\u00e7\u00e3o"}]},{"@type":"WebSite","@id":"https:\/\/kenozcaviar.com\/pt-br\/#website","url":"https:\/\/kenozcaviar.com\/pt-br\/","name":"Kenoz","description":"O caviar mais austral do mundo","potentialAction":[{"@type":"SearchAction","target":{"@type":"EntryPoint","urlTemplate":"https:\/\/kenozcaviar.com\/pt-br\/?s={search_term_string}"},"query-input":{"@type":"PropertyValueSpecification","valueRequired":true,"valueName":"search_term_string"}}],"inLanguage":"pt-BR"}]}},"_links":{"self":[{"href":"https:\/\/kenozcaviar.com\/pt-br\/wp-json\/wp\/v2\/pages\/2332","targetHints":{"allow":["GET"]}}],"collection":[{"href":"https:\/\/kenozcaviar.com\/pt-br\/wp-json\/wp\/v2\/pages"}],"about":[{"href":"https:\/\/kenozcaviar.com\/pt-br\/wp-json\/wp\/v2\/types\/page"}],"author":[{"embeddable":true,"href":"https:\/\/kenozcaviar.com\/pt-br\/wp-json\/wp\/v2\/users\/1"}],"replies":[{"embeddable":true,"href":"https:\/\/kenozcaviar.com\/pt-br\/wp-json\/wp\/v2\/comments?post=2332"}],"version-history":[{"count":2,"href":"https:\/\/kenozcaviar.com\/pt-br\/wp-json\/wp\/v2\/pages\/2332\/revisions"}],"predecessor-version":[{"id":2345,"href":"https:\/\/kenozcaviar.com\/pt-br\/wp-json\/wp\/v2\/pages\/2332\/revisions\/2345"}],"wp:featuredmedia":[{"embeddable":true,"href":"https:\/\/kenozcaviar.com\/pt-br\/wp-json\/wp\/v2\/media\/2133"}],"wp:attachment":[{"href":"https:\/\/kenozcaviar.com\/pt-br\/wp-json\/wp\/v2\/media?parent=2332"}],"curies":[{"name":"wp","href":"https:\/\/api.w.org\/{rel}","templated":true}]}}